{"id":4392,"date":"2022-11-12T18:27:00","date_gmt":"2022-11-12T17:27:00","guid":{"rendered":"https:\/\/www.presse-benedictine.com\/index.php\/produit\/goldfish-volume-2\/"},"modified":"2022-11-12T18:27:00","modified_gmt":"2022-11-12T17:27:00","slug":"goldfish-volume-2","status":"publish","type":"product","link":"https:\/\/www.presse-benedictine.com\/index.php\/produit\/goldfish-volume-2\/","title":{"rendered":"Goldfish Volume 2"},"content":{"rendered":"<p>Morrey Gibbs, qui transforme tout ce qu\u2019il touche en or, et Shelly l\u2019inventrice sont rejoints dans leurs aventures par Zaka, un jeune gu\u00e9risseur. La m\u00e8re de ce dernier trouve un moyen pour d\u00e9livrer Spencer, le fr\u00e8re de Morrey, de sa terrible mal\u00e9diction et invoque un esprit qui r\u00e9clame deux artefacts en \u00e9change de ses services. Toute la troupe se met donc en route pour une qu\u00eate ultime&#8230; et dangereuse. Car ils ne sont pas les seuls \u00e0 vouloir d\u00e9nicher ces pr\u00e9cieux objets : les chasseurs du Marchand d\u2019art ne reculeront devant rien pour r\u00e9cup\u00e9rer les tr\u00e9sors de leur ma\u00eetre !<\/p>\n","protected":false},"excerpt":{"rendered":"<p>Morrey Gibbs, qui transforme tout ce qu\u2019il touche en or, et Shelly l\u2019inventrice sont rejoints dans leurs aventures par Zaka, un jeune gu\u00e9risseur. La m\u00e8re de ce dernier trouve un moyen pour d\u00e9livrer Spencer, le fr\u00e8re de Morrey, de sa terrible mal\u00e9diction et invoque un esprit qui r\u00e9clame deux artefacts en \u00e9change de ses services. Toute la troupe se met donc en route pour une qu\u00eate ultime&#8230; et dangereuse. Car ils ne sont pas les seuls \u00e0 vouloir d\u00e9nicher ces pr\u00e9cieux objets : les chasseurs du Marchand d\u2019art ne reculeront devant rien pour r\u00e9cup\u00e9rer les tr\u00e9sors de leur ma\u00eetre !<\/p>\n","protected":false},"featured_media":4393,"comment_status":"open","ping_status":"closed","template":"","meta":[],"product_brand":[],"product_cat":[132],"product_tag":[],"class_list":{"0":"post-4392","1":"product","2":"type-product","3":"status-publish","4":"has-post-thumbnail","6":"product_cat-shonen","8":"first","9":"outofstock","10":"shipping-taxable","11":"purchasable","12":"product-type-simple"},"jetpack_sharing_enabled":true,"_links":{"self":[{"href":"https:\/\/www.presse-benedictine.com\/index.php\/wp-json\/wp\/v2\/product\/4392","targetHints":{"allow":["GET"]}}],"collection":[{"href":"https:\/\/www.presse-benedictine.com\/index.php\/wp-json\/wp\/v2\/product"}],"about":[{"href":"https:\/\/www.presse-benedictine.com\/index.php\/wp-json\/wp\/v2\/types\/product"}],"replies":[{"embeddable":true,"href":"https:\/\/www.presse-benedictine.com\/index.php\/wp-json\/wp\/v2\/comments?post=4392"}],"wp:featuredmedia":[{"embeddable":true,"href":"https:\/\/www.presse-benedictine.com\/index.php\/wp-json\/wp\/v2\/media\/4393"}],"wp:attachment":[{"href":"https:\/\/www.presse-benedictine.com\/index.php\/wp-json\/wp\/v2\/media?parent=4392"}],"wp:term":[{"taxonomy":"product_brand","embeddable":true,"href":"https:\/\/www.presse-benedictine.com\/index.php\/wp-json\/wp\/v2\/product_brand?post=4392"},{"taxonomy":"product_cat","embeddable":true,"href":"https:\/\/www.presse-benedictine.com\/index.php\/wp-json\/wp\/v2\/product_cat?post=4392"},{"taxonomy":"product_tag","embeddable":true,"href":"https:\/\/www.presse-benedictine.com\/index.php\/wp-json\/wp\/v2\/product_tag?post=4392"}],"curies":[{"name":"wp","href":"https:\/\/api.w.org\/{rel}","templated":true}]}}